{"id":93,"date":"2013-03-26T16:39:24","date_gmt":"2013-03-26T15:39:24","guid":{"rendered":"http:\/\/photoa.se\/?page_id=93"},"modified":"2023-01-31T16:31:20","modified_gmt":"2023-01-31T15:31:20","slug":"om-2","status":"publish","type":"page","link":"https:\/\/photoa.se\/?page_id=93","title":{"rendered":"Om"},"content":{"rendered":"<p>Vi erbjuder ett kursutbud med olika Teman och helt anpassat f\u00f6r olika kunskapsniv\u00e5er, med andra ord de skall passa fr\u00e5n nyb\u00f6rjare som \u00e4r lite nyfiken till mera avancerade ut\u00f6vare. Allt fr\u00e5n v\u00e4lk\u00e4nda Makrokurser d\u00e4r vi har ett bra och omtyckt koncept i Botaniska tr\u00e4dg\u00e5rden i G\u00f6teborg d\u00e4r vi tillsammans har utvecklat och skr\u00e4ddarsytt ett bra kursprogram i Makrofotografering.<\/p>\n<p>Under \u00e5ret kommer det att finnas flera m\u00f6jligheter till att g\u00e5 kurser i Makrofotografering fr\u00e5n Introduktion till en Weekend med praktisk handledning och bildbearbetning. Nyhet f\u00f6r i \u00e5r \u00e4r temakurser och f\u00f6rst ut \u00e4r en endagskurs om hur man fotograferar b\u00e4st v\u00e5r underbara tr\u00e4dg\u00e5rd .<\/p>\n<p>Men nu r\u00e4cker det inte med att ta bra bilder utan vi kan beh\u00f6va organisera och presentera bilder p\u00e5 b\u00e4sta s\u00e4tt s\u00e5 varf\u00f6r inte g\u00e5 en kurs i &#8221;<em><span id=\"yui_3_16_0_ym19_1_1479760170458_6933\" class=\"yiv7938416933\"><span id=\"yui_3_16_0_ym19_1_1479760170458_6932\">Komma ig\u00e5ng med Lightroom,<\/span><\/span><\/em><span id=\"yui_3_16_0_ym19_1_1479760170458_6931\" class=\"yiv7938416933\"><span id=\"yui_3_16_0_ym19_1_1479760170458_6930\"><em> b\u00e4ttre bilder p\u00e5 ett okomplicerat s\u00e4tt<\/em>&#8221; Vi h\u00e5ller \u00e4ven en kurs\u00a0 i <em>Lightroom<\/em> som \u00e4r riktad till de som har en st\u00f6rre vana och erfarenhet.<\/span><\/span><\/p>\n<p>Anm\u00e4lan g\u00f6r du direkt p\u00e5 v\u00e5r hemsida, klicka i rutan f\u00f6r valt kursdatum och f\u00f6lj instruktionen eller skicka en f\u00f6rfr\u00e5gan. Vi \u00e4r specialiserade p\u00e5 skr\u00e4ddarsydda kurser och f\u00f6rel\u00e4sningar, men vi g\u00f6r \u00e4ven privata dagskurser, kom med \u00f6nskem\u00e5l s\u00e5 skall vi finna n\u00e5got som passar dig eller din grupp eller varf\u00f6r inte ett event f\u00f6r ditt f\u00f6retag.<\/p>\n<p>V\u00e4l m\u00f6tt<\/p>\n<p>Jan Wallermark<\/p>\n<p>Mail: jan(krumelur)PhotoA.se \u00a0 Tel:0735 -902767<\/p>\n<p>Photo Academy\u00a0Scandinavia ing\u00e5r i Wallermark International Photo Production<\/p>\n","protected":false},"excerpt":{"rendered":"<p>Vi erbjuder ett kursutbud med olika Teman och helt anpassat f\u00f6r olika kunskapsniv\u00e5er, med andra ord de skall passa fr\u00e5n nyb\u00f6rjare som \u00e4r lite nyfiken till mera avancerade ut\u00f6vare. Allt fr\u00e5n v\u00e4lk\u00e4nda Makrokurser d\u00e4r vi har ett bra och omtyckt koncept i Botaniska tr\u00e4dg\u00e5rden i G\u00f6teborg d\u00e4r vi tillsammans har utvecklat och skr\u00e4ddarsytt ett bra<a class=\"rmore\" href=\"https:\/\/photoa.se\/?page_id=93\">&nbsp;&nbsp; Read More &#8230;<\/a><\/p>\n","protected":false},"author":1,"featured_media":0,"parent":0,"menu_order":0,"comment_status":"open","ping_status":"open","template":"fullpage.php","meta":{"footnotes":""},"class_list":["post-93","page","type-page","status-publish","hentry"],"_links":{"self":[{"href":"https:\/\/photoa.se\/index.php?rest_route=\/wp\/v2\/pages\/93","targetHints":{"allow":["GET"]}}],"collection":[{"href":"https:\/\/photoa.se\/index.php?rest_route=\/wp\/v2\/pages"}],"about":[{"href":"https:\/\/photoa.se\/index.php?rest_route=\/wp\/v2\/types\/page"}],"author":[{"embeddable":true,"href":"https:\/\/photoa.se\/index.php?rest_route=\/wp\/v2\/users\/1"}],"replies":[{"embeddable":true,"href":"https:\/\/photoa.se\/index.php?rest_route=%2Fwp%2Fv2%2Fcomments&post=93"}],"version-history":[{"count":10,"href":"https:\/\/photoa.se\/index.php?rest_route=\/wp\/v2\/pages\/93\/revisions"}],"predecessor-version":[{"id":422,"href":"https:\/\/photoa.se\/index.php?rest_route=\/wp\/v2\/pages\/93\/revisions\/422"}],"wp:attachment":[{"href":"https:\/\/photoa.se\/index.php?rest_route=%2Fwp%2Fv2%2Fmedia&parent=93"}],"curies":[{"name":"wp","href":"https:\/\/api.w.org\/{rel}","templated":true}]}}